{"id":1371,"date":"2024-09-24T15:17:43","date_gmt":"2024-09-24T15:17:43","guid":{"rendered":"http:\/\/dinagrama.com\/?page_id=1371"},"modified":"2024-10-29T19:30:05","modified_gmt":"2024-10-29T19:30:05","slug":"somos","status":"publish","type":"page","link":"https:\/\/dinagrama.com\/en\/somos\/","title":{"rendered":"Somos"},"content":{"rendered":"<div data-elementor-type=\"wp-page\" data-elementor-id=\"1371\" class=\"elementor elementor-1371\" data-elementor-post-type=\"page\">\n\t\t\t\t<div class=\"elementor-element elementor-element-df57a3c e-flex e-con-boxed e-con e-parent\" data-id=\"df57a3c\" data-element_type=\"container\" data-settings=\"{&quot;background_background&quot;:&quot;classic&quot;,&quot;sticky&quot;:&quot;top&quot;,&quot;sticky_on&quot;:[&quot;desktop&quot;,&quot;tablet&quot;,&quot;mobile&quot;],&quot;sticky_offset&quot;:0,&quot;sticky_effects_offset&quot;:0}\">\n\t\t\t\t\t<div class=\"e-con-inner\">\n\t\t\t\t\t<\/div>\n\t\t\t\t<\/div>\n\t\t<div class=\"elementor-element elementor-element-b69db73 e-con-full e-flex e-con e-parent\" data-id=\"b69db73\" data-element_type=\"container\" data-settings=\"{&quot;background_background&quot;:&quot;classic&quot;}\">\n\t\t<div class=\"elementor-element elementor-element-ec8da2c e-con-full e-flex e-con e-child\" data-id=\"ec8da2c\" data-element_type=\"container\">\n\t\t<div class=\"elementor-element elementor-element-d31d8f0 e-con-full e-flex e-con e-child\" data-id=\"d31d8f0\" data-element_type=\"container\">\n\t\t\t\t<div class=\"elementor-element elementor-element-c0f491f elementor-widget elementor-widget-text-editor\" data-id=\"c0f491f\" data-element_type=\"widget\" data-widget_type=\"text-editor.default\">\n\t\t\t\t<div class=\"elementor-widget-container\">\n\t\t\t\t\t\t\t<p>DINAGRAMA<\/p>\t\t\t\t\t\t<\/div>\n\t\t\t\t<\/div>\n\t\t\t\t<div class=\"elementor-element elementor-element-8bb4213 title-divider elementor-absolute elementor-widget-divider--view-line elementor-widget elementor-widget-divider\" data-id=\"8bb4213\" data-element_type=\"widget\" data-settings=\"{&quot;_position&quot;:&quot;absolute&quot;}\" data-widget_type=\"divider.default\">\n\t\t\t\t<div class=\"elementor-widget-container\">\n\t\t\t\t\t<div class=\"elementor-divider\">\n\t\t\t<span class=\"elementor-divider-separator\">\n\t\t\t\t\t\t<\/span>\n\t\t<\/div>\n\t\t\t\t<\/div>\n\t\t\t\t<\/div>\n\t\t\t\t<div class=\"elementor-element elementor-element-ed876f4 elementor-invisible elementor-widget elementor-widget-heading\" data-id=\"ed876f4\" data-element_type=\"widget\" data-settings=\"{&quot;_animation&quot;:&quot;fadeInLeft&quot;}\" data-widget_type=\"heading.default\">\n\t\t\t\t<div class=\"elementor-widget-container\">\n\t\t\t<h1 class=\"elementor-heading-title elementor-size-default\">Somos<\/h1>\t\t<\/div>\n\t\t\t\t<\/div>\n\t\t\t\t<\/div>\n\t\t<div class=\"elementor-element elementor-element-49296cc e-con-full e-flex e-con e-child\" data-id=\"49296cc\" data-element_type=\"container\">\n\t\t\t\t<div class=\"elementor-element elementor-element-f174e9a elementor-invisible elementor-widget elementor-widget-text-editor\" data-id=\"f174e9a\" data-element_type=\"widget\" data-settings=\"{&quot;_animation&quot;:&quot;fadeIn&quot;}\" data-widget_type=\"text-editor.default\">\n\t\t\t\t<div class=\"elementor-widget-container\">\n\t\t\t\t\t\t\t<p>Por ello es que pensamos que nuestro nombre, define a la perfecci\u00f3n el lema de nuestro trabajo.<\/p><p>Nos gusta la idea del impacto que supone la primera vez que ves algo atractivo, elegante, potente o simplemente, sencillo. Eso que llama tu atenci\u00f3n.<\/p><p>La rotulaci\u00f3n est\u00e1 presente en todo negocio, empresa, despacho o edificio en distintas formas y sirve en muchos casos, como elemento diferenciador y carta de presentaci\u00f3n, ante tus clientes.<\/p><p>En Dinagrama, nos dedicamos a eso.<\/p>\t\t\t\t\t\t<\/div>\n\t\t\t\t<\/div>\n\t\t\t\t<\/div>\n\t\t\t\t<\/div>\n\t\t<div class=\"elementor-element elementor-element-844ea22 e-con-full e-flex e-con e-child\" data-id=\"844ea22\" data-element_type=\"container\">\n\t\t<div class=\"elementor-element elementor-element-0dc38f0 e-con-full e-flex e-con e-child\" data-id=\"0dc38f0\" data-element_type=\"container\">\n\t\t\t\t<div class=\"elementor-element elementor-element-6a1c630 elementor-invisible elementor-widget elementor-widget-text-editor\" data-id=\"6a1c630\" data-element_type=\"widget\" data-settings=\"{&quot;_animation&quot;:&quot;fadeIn&quot;}\" data-widget_type=\"text-editor.default\">\n\t\t\t\t<div class=\"elementor-widget-container\">\n\t\t\t\t\t\t\t<p>Nosotros dise\u00f1amos, fabricamos e instalamos, todo tipo de r\u00f3tulos, vinilos, veh\u00edculos, se\u00f1alizaci\u00f3n de espacios, dise\u00f1o de marcas, fachadas comerciales y control solar arquitect\u00f3nico.<\/p><p>Nos caracteriza el empe\u00f1o constante por la calidad en nuestro servicio y el cuidado por el detalle.<\/p><p>Con m\u00e1s de 17 a\u00f1os de experiencia, nuestro compromiso es prestar un servicio de calidad y trato cercano con nuestros clientes.<\/p>\t\t\t\t\t\t<\/div>\n\t\t\t\t<\/div>\n\t\t\t\t<\/div>\n\t\t\t\t<\/div>\n\t\t\t\t<\/div>\n\t\t\t\t<\/div>","protected":false},"excerpt":{"rendered":"<p>DINAGRAMA Somos Por ello es que pensamos que nuestro nombre, define a la perfecci\u00f3n el lema de nuestro trabajo. Nos gusta la idea del impacto que supone la primera vez que ves algo atractivo, elegante, potente o simplemente, sencillo. Eso que llama tu atenci\u00f3n. La rotulaci\u00f3n est\u00e1 presente en todo negocio, empresa, despacho o edificio [&hellip;]<\/p>","protected":false},"author":1,"featured_media":0,"parent":0,"menu_order":0,"comment_status":"closed","ping_status":"closed","template":"","meta":{"footnotes":""},"class_list":["post-1371","page","type-page","status-publish","hentry"],"yoast_head":"<!-- This site is optimized with the Yoast SEO plugin v23.4 - https:\/\/yoast.com\/wordpress\/plugins\/seo\/ -->\n<title>Somos - Dinagrama<\/title>\n<meta name=\"robots\" content=\"index, follow, max-snippet:-1, max-image-preview:large, max-video-preview:-1\" \/>\n<link rel=\"canonical\" href=\"https:\/\/dinagrama.com\/en\/somos\/\" \/>\n<meta property=\"og:locale\" content=\"en_GB\" \/>\n<meta property=\"og:type\" content=\"article\" \/>\n<meta property=\"og:title\" content=\"Somos - Dinagrama\" \/>\n<meta property=\"og:description\" content=\"DINAGRAMA Somos Por ello es que pensamos que nuestro nombre, define a la perfecci\u00f3n el lema de nuestro trabajo. Nos gusta la idea del impacto que supone la primera vez que ves algo atractivo, elegante, potente o simplemente, sencillo. Eso que llama tu atenci\u00f3n. La rotulaci\u00f3n est\u00e1 presente en todo negocio, empresa, despacho o edificio [&hellip;]\" \/>\n<meta property=\"og:url\" content=\"https:\/\/dinagrama.com\/en\/somos\/\" \/>\n<meta property=\"og:site_name\" content=\"Dinagrama\" \/>\n<meta property=\"article:modified_time\" content=\"2024-10-29T19:30:05+00:00\" \/>\n<meta name=\"twitter:card\" content=\"summary_large_image\" \/>\n<meta name=\"twitter:label1\" content=\"Estimated reading time\" \/>\n\t<meta name=\"twitter:data1\" content=\"1 minute\" \/>\n<script type=\"application\/ld+json\" class=\"yoast-schema-graph\">{\"@context\":\"https:\/\/schema.org\",\"@graph\":[{\"@type\":\"WebPage\",\"@id\":\"http:\/\/dinagrama.com\/somos\/\",\"url\":\"http:\/\/dinagrama.com\/somos\/\",\"name\":\"Somos - Dinagrama\",\"isPartOf\":{\"@id\":\"http:\/\/dinagrama.com\/#website\"},\"datePublished\":\"2024-09-24T15:17:43+00:00\",\"dateModified\":\"2024-10-29T19:30:05+00:00\",\"breadcrumb\":{\"@id\":\"http:\/\/dinagrama.com\/somos\/#breadcrumb\"},\"inLanguage\":\"en-GB\",\"potentialAction\":[{\"@type\":\"ReadAction\",\"target\":[\"http:\/\/dinagrama.com\/somos\/\"]}]},{\"@type\":\"BreadcrumbList\",\"@id\":\"http:\/\/dinagrama.com\/somos\/#breadcrumb\",\"itemListElement\":[{\"@type\":\"ListItem\",\"position\":1,\"name\":\"Portada\",\"item\":\"http:\/\/dinagrama.com\/\"},{\"@type\":\"ListItem\",\"position\":2,\"name\":\"Somos\"}]},{\"@type\":\"WebSite\",\"@id\":\"http:\/\/dinagrama.com\/#website\",\"url\":\"http:\/\/dinagrama.com\/\",\"name\":\"Dinagrama\",\"description\":\"\",\"publisher\":{\"@id\":\"http:\/\/dinagrama.com\/#organization\"},\"potentialAction\":[{\"@type\":\"SearchAction\",\"target\":{\"@type\":\"EntryPoint\",\"urlTemplate\":\"http:\/\/dinagrama.com\/?s={search_term_string}\"},\"query-input\":{\"@type\":\"PropertyValueSpecification\",\"valueRequired\":true,\"valueName\":\"search_term_string\"}}],\"inLanguage\":\"en-GB\"},{\"@type\":\"Organization\",\"@id\":\"http:\/\/dinagrama.com\/#organization\",\"name\":\"Dinagrama\",\"url\":\"http:\/\/dinagrama.com\/\",\"logo\":{\"@type\":\"ImageObject\",\"inLanguage\":\"en-GB\",\"@id\":\"http:\/\/dinagrama.com\/#\/schema\/logo\/image\/\",\"url\":\"https:\/\/dinagrama.com\/wp-content\/uploads\/2024\/05\/logoDinagrama.png\",\"contentUrl\":\"https:\/\/dinagrama.com\/wp-content\/uploads\/2024\/05\/logoDinagrama.png\",\"width\":500,\"height\":90,\"caption\":\"Dinagrama\"},\"image\":{\"@id\":\"http:\/\/dinagrama.com\/#\/schema\/logo\/image\/\"}}]}<\/script>\n<!-- \/ Yoast SEO plugin. -->","yoast_head_json":{"title":"Somos - Dinagrama","robots":{"index":"index","follow":"follow","max-snippet":"max-snippet:-1","max-image-preview":"max-image-preview:large","max-video-preview":"max-video-preview:-1"},"canonical":"https:\/\/dinagrama.com\/en\/somos\/","og_locale":"en_GB","og_type":"article","og_title":"Somos - Dinagrama","og_description":"DINAGRAMA Somos Por ello es que pensamos que nuestro nombre, define a la perfecci\u00f3n el lema de nuestro trabajo. Nos gusta la idea del impacto que supone la primera vez que ves algo atractivo, elegante, potente o simplemente, sencillo. Eso que llama tu atenci\u00f3n. La rotulaci\u00f3n est\u00e1 presente en todo negocio, empresa, despacho o edificio [&hellip;]","og_url":"https:\/\/dinagrama.com\/en\/somos\/","og_site_name":"Dinagrama","article_modified_time":"2024-10-29T19:30:05+00:00","twitter_card":"summary_large_image","twitter_misc":{"Estimated reading time":"1 minute"},"schema":{"@context":"https:\/\/schema.org","@graph":[{"@type":"WebPage","@id":"http:\/\/dinagrama.com\/somos\/","url":"http:\/\/dinagrama.com\/somos\/","name":"Somos - Dinagrama","isPartOf":{"@id":"http:\/\/dinagrama.com\/#website"},"datePublished":"2024-09-24T15:17:43+00:00","dateModified":"2024-10-29T19:30:05+00:00","breadcrumb":{"@id":"http:\/\/dinagrama.com\/somos\/#breadcrumb"},"inLanguage":"en-GB","potentialAction":[{"@type":"ReadAction","target":["http:\/\/dinagrama.com\/somos\/"]}]},{"@type":"BreadcrumbList","@id":"http:\/\/dinagrama.com\/somos\/#breadcrumb","itemListElement":[{"@type":"ListItem","position":1,"name":"Portada","item":"http:\/\/dinagrama.com\/"},{"@type":"ListItem","position":2,"name":"Somos"}]},{"@type":"WebSite","@id":"http:\/\/dinagrama.com\/#website","url":"http:\/\/dinagrama.com\/","name":"Dinagrama","description":"","publisher":{"@id":"http:\/\/dinagrama.com\/#organization"},"potentialAction":[{"@type":"SearchAction","target":{"@type":"EntryPoint","urlTemplate":"http:\/\/dinagrama.com\/?s={search_term_string}"},"query-input":{"@type":"PropertyValueSpecification","valueRequired":true,"valueName":"search_term_string"}}],"inLanguage":"en-GB"},{"@type":"Organization","@id":"http:\/\/dinagrama.com\/#organization","name":"Dinagrama","url":"http:\/\/dinagrama.com\/","logo":{"@type":"ImageObject","inLanguage":"en-GB","@id":"http:\/\/dinagrama.com\/#\/schema\/logo\/image\/","url":"https:\/\/dinagrama.com\/wp-content\/uploads\/2024\/05\/logoDinagrama.png","contentUrl":"https:\/\/dinagrama.com\/wp-content\/uploads\/2024\/05\/logoDinagrama.png","width":500,"height":90,"caption":"Dinagrama"},"image":{"@id":"http:\/\/dinagrama.com\/#\/schema\/logo\/image\/"}}]}},"_links":{"self":[{"href":"https:\/\/dinagrama.com\/en\/wp-json\/wp\/v2\/pages\/1371","targetHints":{"allow":["GET"]}}],"collection":[{"href":"https:\/\/dinagrama.com\/en\/wp-json\/wp\/v2\/pages"}],"about":[{"href":"https:\/\/dinagrama.com\/en\/wp-json\/wp\/v2\/types\/page"}],"author":[{"embeddable":true,"href":"https:\/\/dinagrama.com\/en\/wp-json\/wp\/v2\/users\/1"}],"replies":[{"embeddable":true,"href":"https:\/\/dinagrama.com\/en\/wp-json\/wp\/v2\/comments?post=1371"}],"version-history":[{"count":31,"href":"https:\/\/dinagrama.com\/en\/wp-json\/wp\/v2\/pages\/1371\/revisions"}],"predecessor-version":[{"id":1619,"href":"https:\/\/dinagrama.com\/en\/wp-json\/wp\/v2\/pages\/1371\/revisions\/1619"}],"wp:attachment":[{"href":"https:\/\/dinagrama.com\/en\/wp-json\/wp\/v2\/media?parent=1371"}],"curies":[{"name":"wp","href":"https:\/\/api.w.org\/{rel}","templated":true}]}}